{"id":162,"date":"2020-03-02T15:10:22","date_gmt":"2020-03-02T14:10:22","guid":{"rendered":"http:\/\/dk79rudawa-mloszowa.pl\/?page_id=162"},"modified":"2023-03-23T14:16:59","modified_gmt":"2023-03-23T13:16:59","slug":"do-pobrania","status":"publish","type":"page","link":"http:\/\/dk79rudawa-mloszowa.pl\/?page_id=162","title":{"rendered":"Do pobrania"},"content":{"rendered":"<p>[ps2id id=&#8217;dopobrania&#8217; target=&#8217;widget-title widgettitle&#8217;]<\/p>\n<h2><strong>Etap 1: koncepcja programowa<\/strong><\/h2>\n<p><a href=\"http:\/\/dk79rudawa-mloszowa.pl\/wp-content\/uploads\/2022\/06\/B-1_Plan_orientacyjny-po-zmianie-zakresu-1.pdf\" rel=\"attachment wp-att-615\">Rudawa-M\u0142oszowa orientacja<\/a><\/p>\n<h2><b>Etap 1.1 : Koncepcja programowa<\/b><\/h2>\n<ul class=\"\"><li><a href=\"http:\/\/dk79rudawa-mloszowa.pl\/wp-content\/uploads\/2026\/04\/..\/..\/2021\/04\/DK79_ANKIETA_konsultacje-spoleczne.pdf\"><span class=\"filename\">DK79_ANKIETA_konsultacje-spoleczne.pdf<\/span><span class=\\\"filesize\\\"> (130.36 Kb)<\/span><\/a><\/li><li><a href=\"http:\/\/dk79rudawa-mloszowa.pl\/wp-content\/uploads\/2026\/04\/..\/..\/2021\/04\/DK79_plakat_konsultacje-spoleczne.pdf\"><span class=\"filename\">DK79_plakat_konsultacje-spoleczne.pdf<\/span><span class=\\\"filesize\\\"> (4.71 Mb)<\/span><\/a><\/li><li><a href=\"http:\/\/dk79rudawa-mloszowa.pl\/wp-content\/uploads\/2026\/04\/..\/..\/2021\/04\/DK79_ulotka_konsultacje-spoleczne.pdf\"><span class=\"filename\">DK79_ulotka_konsultacje-spoleczne.pdf<\/span><span class=\\\"filesize\\\"> (2.53 Mb)<\/span><\/a><\/li><li><a href=\"http:\/\/dk79rudawa-mloszowa.pl\/wp-content\/uploads\/2026\/04\/..\/..\/2021\/04\/DK79_ulotka_procedura-odszkodowawcza.pdf\"><span class=\"filename\">DK79_ulotka_procedura-odszkodowawcza.pdf<\/span><span class=\\\"filesize\\\"> (98.88 Kb)<\/span><\/a><\/li><li><a href=\"http:\/\/dk79rudawa-mloszowa.pl\/wp-content\/uploads\/2026\/04\/..\/..\/2021\/04\/DK79_ulotka_przejmowanie-nieruchomosci.pdf\"><span class=\"filename\">DK79_ulotka_przejmowanie-nieruchomosci.pdf<\/span><span class=\\\"filesize\\\"> (92.24 Kb)<\/span><\/a><\/li><\/ul>\n<h4><strong>Plany sytuacyjne po spotkaniach informacyjnych zosta\u0142y zaktualizowane i znajduj\u0105 si\u0119 poni\u017cej w cz\u0119\u015bci &#8222;Raport z konsultacji spo\u0142ecznych&#8221;.<\/strong><\/h4>\n<h2>Raport z konsultacji spo\u0142ecznych dla projektu: &#8222;Rozbudowa drogi krajowej nr 79 na odcinku Rudawa \u2013 M\u0142oszowa&#8221;.<br \/>\nRaport zawiera cz\u0119\u015b\u0107 opisow\u0105 oraz plany sytuacyjne.<\/h2>\n<ul class=\"\"><li><a href=\"http:\/\/dk79rudawa-mloszowa.pl\/wp-content\/uploads\/2026\/04\/..\/..\/2022\/06\/20220606\/K.1_Raport-z-konsultacji-spolecznych.pdf\"><span class=\"filename\">K.1_Raport-z-konsultacji-spolecznych.pdf<\/span><span class=\\\"filesize\\\"> (2.43 Mb)<\/span><\/a><\/li><li><a href=\"http:\/\/dk79rudawa-mloszowa.pl\/wp-content\/uploads\/2026\/04\/..\/..\/2022\/06\/20220606\/K.1_Zalacznik-nr-1.pdf\"><span class=\"filename\">K.1_Zalacznik-nr-1.pdf<\/span><span class=\\\"filesize\\\"> (1.56 Mb)<\/span><\/a><\/li><\/ul>\n<p>&nbsp;<br \/>\n<ul class=\"\"><li><a href=\"http:\/\/dk79rudawa-mloszowa.pl\/wp-content\/uploads\/2026\/04\/..\/..\/2022\/06\/20220606_zal\/Zbiorczy-plan-sytuacyjny_W1-1.pdf\"><span class=\"filename\">Zbiorczy-plan-sytuacyjny_W1-1.pdf<\/span><span class=\\\"filesize\\\"> (2.65 Mb)<\/span><\/a><\/li><li><a href=\"http:\/\/dk79rudawa-mloszowa.pl\/wp-content\/uploads\/2026\/04\/..\/..\/2022\/06\/20220606_zal\/Zbiorczy-plan-sytuacyjny_W1-10.pdf\"><span class=\"filename\">Zbiorczy-plan-sytuacyjny_W1-10.pdf<\/span><span class=\\\"filesize\\\"> (2.81 Mb)<\/span><\/a><\/li><li><a href=\"http:\/\/dk79rudawa-mloszowa.pl\/wp-content\/uploads\/2026\/04\/..\/..\/2022\/06\/20220606_zal\/Zbiorczy-plan-sytuacyjny_W1-11.pdf\"><span class=\"filename\">Zbiorczy-plan-sytuacyjny_W1-11.pdf<\/span><span class=\\\"filesize\\\"> (2.67 Mb)<\/span><\/a><\/li><li><a href=\"http:\/\/dk79rudawa-mloszowa.pl\/wp-content\/uploads\/2026\/04\/..\/..\/2022\/06\/20220606_zal\/Zbiorczy-plan-sytuacyjny_W1-12.pdf\"><span class=\"filename\">Zbiorczy-plan-sytuacyjny_W1-12.pdf<\/span><span class=\\\"filesize\\\"> (2.73 Mb)<\/span><\/a><\/li><li><a href=\"http:\/\/dk79rudawa-mloszowa.pl\/wp-content\/uploads\/2026\/04\/..\/..\/2022\/06\/20220606_zal\/Zbiorczy-plan-sytuacyjny_W1-13.pdf\"><span class=\"filename\">Zbiorczy-plan-sytuacyjny_W1-13.pdf<\/span><span class=\\\"filesize\\\"> (2.92 Mb)<\/span><\/a><\/li><li><a href=\"http:\/\/dk79rudawa-mloszowa.pl\/wp-content\/uploads\/2026\/04\/..\/..\/2022\/06\/20220606_zal\/Zbiorczy-plan-sytuacyjny_W1-14.pdf\"><span class=\"filename\">Zbiorczy-plan-sytuacyjny_W1-14.pdf<\/span><span class=\\\"filesize\\\"> (3.14 Mb)<\/span><\/a><\/li><li><a href=\"http:\/\/dk79rudawa-mloszowa.pl\/wp-content\/uploads\/2026\/04\/..\/..\/2022\/06\/20220606_zal\/Zbiorczy-plan-sytuacyjny_W1-15.pdf\"><span class=\"filename\">Zbiorczy-plan-sytuacyjny_W1-15.pdf<\/span><span class=\\\"filesize\\\"> (3.1 Mb)<\/span><\/a><\/li><li><a href=\"http:\/\/dk79rudawa-mloszowa.pl\/wp-content\/uploads\/2026\/04\/..\/..\/2022\/06\/20220606_zal\/Zbiorczy-plan-sytuacyjny_W1-16.pdf\"><span class=\"filename\">Zbiorczy-plan-sytuacyjny_W1-16.pdf<\/span><span class=\\\"filesize\\\"> (2.35 Mb)<\/span><\/a><\/li><li><a href=\"http:\/\/dk79rudawa-mloszowa.pl\/wp-content\/uploads\/2026\/04\/..\/..\/2022\/06\/20220606_zal\/Zbiorczy-plan-sytuacyjny_W1-17.pdf\"><span class=\"filename\">Zbiorczy-plan-sytuacyjny_W1-17.pdf<\/span><span class=\\\"filesize\\\"> (2.52 Mb)<\/span><\/a><\/li><li><a href=\"http:\/\/dk79rudawa-mloszowa.pl\/wp-content\/uploads\/2026\/04\/..\/..\/2022\/06\/20220606_zal\/Zbiorczy-plan-sytuacyjny_W1-18.pdf\"><span class=\"filename\">Zbiorczy-plan-sytuacyjny_W1-18.pdf<\/span><span class=\\\"filesize\\\"> (1.57 Mb)<\/span><\/a><\/li><li><a href=\"http:\/\/dk79rudawa-mloszowa.pl\/wp-content\/uploads\/2026\/04\/..\/..\/2022\/06\/20220606_zal\/Zbiorczy-plan-sytuacyjny_W1-19.pdf\"><span class=\"filename\">Zbiorczy-plan-sytuacyjny_W1-19.pdf<\/span><span class=\\\"filesize\\\"> (1.66 Mb)<\/span><\/a><\/li><li><a href=\"http:\/\/dk79rudawa-mloszowa.pl\/wp-content\/uploads\/2026\/04\/..\/..\/2022\/06\/20220606_zal\/Zbiorczy-plan-sytuacyjny_W1-2.pdf\"><span class=\"filename\">Zbiorczy-plan-sytuacyjny_W1-2.pdf<\/span><span class=\\\"filesize\\\"> (2.05 Mb)<\/span><\/a><\/li><li><a href=\"http:\/\/dk79rudawa-mloszowa.pl\/wp-content\/uploads\/2026\/04\/..\/..\/2022\/06\/20220606_zal\/Zbiorczy-plan-sytuacyjny_W1-20.pdf\"><span class=\"filename\">Zbiorczy-plan-sytuacyjny_W1-20.pdf<\/span><span class=\\\"filesize\\\"> (2.65 Mb)<\/span><\/a><\/li><li><a href=\"http:\/\/dk79rudawa-mloszowa.pl\/wp-content\/uploads\/2026\/04\/..\/..\/2022\/06\/20220606_zal\/Zbiorczy-plan-sytuacyjny_W1-21.pdf\"><span class=\"filename\">Zbiorczy-plan-sytuacyjny_W1-21.pdf<\/span><span class=\\\"filesize\\\"> (2.46 Mb)<\/span><\/a><\/li><li><a href=\"http:\/\/dk79rudawa-mloszowa.pl\/wp-content\/uploads\/2026\/04\/..\/..\/2022\/06\/20220606_zal\/Zbiorczy-plan-sytuacyjny_W1-22.pdf\"><span class=\"filename\">Zbiorczy-plan-sytuacyjny_W1-22.pdf<\/span><span class=\\\"filesize\\\"> (2.75 Mb)<\/span><\/a><\/li><li><a href=\"http:\/\/dk79rudawa-mloszowa.pl\/wp-content\/uploads\/2026\/04\/..\/..\/2022\/06\/20220606_zal\/Zbiorczy-plan-sytuacyjny_W1-23.pdf\"><span class=\"filename\">Zbiorczy-plan-sytuacyjny_W1-23.pdf<\/span><span class=\\\"filesize\\\"> (2.39 Mb)<\/span><\/a><\/li><li><a href=\"http:\/\/dk79rudawa-mloszowa.pl\/wp-content\/uploads\/2026\/04\/..\/..\/2022\/06\/20220606_zal\/Zbiorczy-plan-sytuacyjny_W1-24.pdf\"><span class=\"filename\">Zbiorczy-plan-sytuacyjny_W1-24.pdf<\/span><span class=\\\"filesize\\\"> (2.51 Mb)<\/span><\/a><\/li><li><a href=\"http:\/\/dk79rudawa-mloszowa.pl\/wp-content\/uploads\/2026\/04\/..\/..\/2022\/06\/20220606_zal\/Zbiorczy-plan-sytuacyjny_W1-25.pdf\"><span class=\"filename\">Zbiorczy-plan-sytuacyjny_W1-25.pdf<\/span><span class=\\\"filesize\\\"> (2.06 Mb)<\/span><\/a><\/li><li><a href=\"http:\/\/dk79rudawa-mloszowa.pl\/wp-content\/uploads\/2026\/04\/..\/..\/2022\/06\/20220606_zal\/Zbiorczy-plan-sytuacyjny_W1-26.pdf\"><span class=\"filename\">Zbiorczy-plan-sytuacyjny_W1-26.pdf<\/span><span class=\\\"filesize\\\"> (1.69 Mb)<\/span><\/a><\/li><li><a href=\"http:\/\/dk79rudawa-mloszowa.pl\/wp-content\/uploads\/2026\/04\/..\/..\/2022\/06\/20220606_zal\/Zbiorczy-plan-sytuacyjny_W1-27.pdf\"><span class=\"filename\">Zbiorczy-plan-sytuacyjny_W1-27.pdf<\/span><span class=\\\"filesize\\\"> (2.28 Mb)<\/span><\/a><\/li><li><a href=\"http:\/\/dk79rudawa-mloszowa.pl\/wp-content\/uploads\/2026\/04\/..\/..\/2022\/06\/20220606_zal\/Zbiorczy-plan-sytuacyjny_W1-28.pdf\"><span class=\"filename\">Zbiorczy-plan-sytuacyjny_W1-28.pdf<\/span><span class=\\\"filesize\\\"> (3 Mb)<\/span><\/a><\/li><li><a href=\"http:\/\/dk79rudawa-mloszowa.pl\/wp-content\/uploads\/2026\/04\/..\/..\/2022\/06\/20220606_zal\/Zbiorczy-plan-sytuacyjny_W1-29.pdf\"><span class=\"filename\">Zbiorczy-plan-sytuacyjny_W1-29.pdf<\/span><span class=\\\"filesize\\\"> (2.51 Mb)<\/span><\/a><\/li><li><a href=\"http:\/\/dk79rudawa-mloszowa.pl\/wp-content\/uploads\/2026\/04\/..\/..\/2022\/06\/20220606_zal\/Zbiorczy-plan-sytuacyjny_W1-3.pdf\"><span class=\"filename\">Zbiorczy-plan-sytuacyjny_W1-3.pdf<\/span><span class=\\\"filesize\\\"> (2.23 Mb)<\/span><\/a><\/li><li><a href=\"http:\/\/dk79rudawa-mloszowa.pl\/wp-content\/uploads\/2026\/04\/..\/..\/2022\/06\/20220606_zal\/Zbiorczy-plan-sytuacyjny_W1-30.pdf\"><span class=\"filename\">Zbiorczy-plan-sytuacyjny_W1-30.pdf<\/span><span class=\\\"filesize\\\"> (3.36 Mb)<\/span><\/a><\/li><li><a href=\"http:\/\/dk79rudawa-mloszowa.pl\/wp-content\/uploads\/2026\/04\/..\/..\/2022\/06\/20220606_zal\/Zbiorczy-plan-sytuacyjny_W1-31.pdf\"><span class=\"filename\">Zbiorczy-plan-sytuacyjny_W1-31.pdf<\/span><span class=\\\"filesize\\\"> (2.54 Mb)<\/span><\/a><\/li><li><a href=\"http:\/\/dk79rudawa-mloszowa.pl\/wp-content\/uploads\/2026\/04\/..\/..\/2022\/06\/20220606_zal\/Zbiorczy-plan-sytuacyjny_W1-4.pdf\"><span class=\"filename\">Zbiorczy-plan-sytuacyjny_W1-4.pdf<\/span><span class=\\\"filesize\\\"> (2.18 Mb)<\/span><\/a><\/li><li><a href=\"http:\/\/dk79rudawa-mloszowa.pl\/wp-content\/uploads\/2026\/04\/..\/..\/2022\/06\/20220606_zal\/Zbiorczy-plan-sytuacyjny_W1-5.pdf\"><span class=\"filename\">Zbiorczy-plan-sytuacyjny_W1-5.pdf<\/span><span class=\\\"filesize\\\"> (2.18 Mb)<\/span><\/a><\/li><li><a href=\"http:\/\/dk79rudawa-mloszowa.pl\/wp-content\/uploads\/2026\/04\/..\/..\/2022\/06\/20220606_zal\/Zbiorczy-plan-sytuacyjny_W1-6.pdf\"><span class=\"filename\">Zbiorczy-plan-sytuacyjny_W1-6.pdf<\/span><span class=\\\"filesize\\\"> (2 Mb)<\/span><\/a><\/li><li><a href=\"http:\/\/dk79rudawa-mloszowa.pl\/wp-content\/uploads\/2026\/04\/..\/..\/2022\/06\/20220606_zal\/Zbiorczy-plan-sytuacyjny_W1-7.pdf\"><span class=\"filename\">Zbiorczy-plan-sytuacyjny_W1-7.pdf<\/span><span class=\\\"filesize\\\"> (2.75 Mb)<\/span><\/a><\/li><li><a href=\"http:\/\/dk79rudawa-mloszowa.pl\/wp-content\/uploads\/2026\/04\/..\/..\/2022\/06\/20220606_zal\/Zbiorczy-plan-sytuacyjny_W1-8.pdf\"><span class=\"filename\">Zbiorczy-plan-sytuacyjny_W1-8.pdf<\/span><span class=\\\"filesize\\\"> (2.42 Mb)<\/span><\/a><\/li><li><a href=\"http:\/\/dk79rudawa-mloszowa.pl\/wp-content\/uploads\/2026\/04\/..\/..\/2022\/06\/20220606_zal\/Zbiorczy-plan-sytuacyjny_W1-9.pdf\"><span class=\"filename\">Zbiorczy-plan-sytuacyjny_W1-9.pdf<\/span><span class=\\\"filesize\\\"> (3.24 Mb)<\/span><\/a><\/li><li><a href=\"http:\/\/dk79rudawa-mloszowa.pl\/wp-content\/uploads\/2026\/04\/..\/..\/2022\/06\/20220606_zal\/Zbiorczy-plan-sytuacyjny_W2-1.pdf\"><span class=\"filename\">Zbiorczy-plan-sytuacyjny_W2-1.pdf<\/span><span class=\\\"filesize\\\"> (3.12 Mb)<\/span><\/a><\/li><li><a href=\"http:\/\/dk79rudawa-mloszowa.pl\/wp-content\/uploads\/2026\/04\/..\/..\/2022\/06\/20220606_zal\/Zbiorczy-plan-sytuacyjny_W2-10.pdf\"><span class=\"filename\">Zbiorczy-plan-sytuacyjny_W2-10.pdf<\/span><span class=\\\"filesize\\\"> (3.15 Mb)<\/span><\/a><\/li><li><a href=\"http:\/\/dk79rudawa-mloszowa.pl\/wp-content\/uploads\/2026\/04\/..\/..\/2022\/06\/20220606_zal\/Zbiorczy-plan-sytuacyjny_W2-13.pdf\"><span class=\"filename\">Zbiorczy-plan-sytuacyjny_W2-13.pdf<\/span><span class=\\\"filesize\\\"> (3.12 Mb)<\/span><\/a><\/li><li><a href=\"http:\/\/dk79rudawa-mloszowa.pl\/wp-content\/uploads\/2026\/04\/..\/..\/2022\/06\/20220606_zal\/Zbiorczy-plan-sytuacyjny_W2-14.pdf\"><span class=\"filename\">Zbiorczy-plan-sytuacyjny_W2-14.pdf<\/span><span class=\\\"filesize\\\"> (3.5 Mb)<\/span><\/a><\/li><li><a href=\"http:\/\/dk79rudawa-mloszowa.pl\/wp-content\/uploads\/2026\/04\/..\/..\/2022\/06\/20220606_zal\/Zbiorczy-plan-sytuacyjny_W2-15.pdf\"><span class=\"filename\">Zbiorczy-plan-sytuacyjny_W2-15.pdf<\/span><span class=\\\"filesize\\\"> (3.57 Mb)<\/span><\/a><\/li><li><a href=\"http:\/\/dk79rudawa-mloszowa.pl\/wp-content\/uploads\/2026\/04\/..\/..\/2022\/06\/20220606_zal\/Zbiorczy-plan-sytuacyjny_W2-16.pdf\"><span class=\"filename\">Zbiorczy-plan-sytuacyjny_W2-16.pdf<\/span><span class=\\\"filesize\\\"> (2.55 Mb)<\/span><\/a><\/li><li><a href=\"http:\/\/dk79rudawa-mloszowa.pl\/wp-content\/uploads\/2026\/04\/..\/..\/2022\/06\/20220606_zal\/Zbiorczy-plan-sytuacyjny_W2-3.pdf\"><span class=\"filename\">Zbiorczy-plan-sytuacyjny_W2-3.pdf<\/span><span class=\\\"filesize\\\"> (2.27 Mb)<\/span><\/a><\/li><li><a href=\"http:\/\/dk79rudawa-mloszowa.pl\/wp-content\/uploads\/2026\/04\/..\/..\/2022\/06\/20220606_zal\/Zbiorczy-plan-sytuacyjny_W2-7.pdf\"><span class=\"filename\">Zbiorczy-plan-sytuacyjny_W2-7.pdf<\/span><span class=\\\"filesize\\\"> (3.04 Mb)<\/span><\/a><\/li><li><a href=\"http:\/\/dk79rudawa-mloszowa.pl\/wp-content\/uploads\/2026\/04\/..\/..\/2022\/06\/20220606_zal\/Zbiorczy-plan-sytuacyjny_W2-9.pdf\"><span class=\"filename\">Zbiorczy-plan-sytuacyjny_W2-9.pdf<\/span><span class=\\\"filesize\\\"> (3.73 Mb)<\/span><\/a><\/li><\/ul><\/p>\n<h3><strong><a href=\"https:\/\/dk79rudawa-mloszowa.pl\/?page_id=832\">WARIANT WYNIKOWY INWESTYCJI \u2013 etap WKP<\/a><\/strong><\/h3>\n<p>&nbsp;<\/p>\n<p>&nbsp;<\/p>\n<p>&nbsp;<\/p>\n<pre>&nbsp;<\/pre>\n<p>&nbsp;<\/p>\n<p>&nbsp;<\/p>\n ","protected":false},"excerpt":{"rendered":"<p>[ps2id id=&#8217;dopobrania&#8217; target=&#8217;widget-title widgettitle&#8217;] Etap 1: koncepcja programowa Rudawa-M\u0142oszowa orientacja Etap 1.1 : Koncepcja programowa Plany sytuacyjne po spotkaniach informacyjnych zosta\u0142y zaktualizowane i znajduj\u0105 si\u0119 poni\u017cej w cz\u0119\u015bci &#8222;Raport z konsultacji spo\u0142ecznych&#8221;. Raport z konsultacji spo\u0142ecznych dla projektu: &#8222;Rozbudowa drogi krajowej nr 79 na odcinku Rudawa \u2013 M\u0142oszowa&#8221;. Raport zawiera cz\u0119\u015b\u0107 opisow\u0105 oraz plany sytuacyjne. &nbsp; WARIANT WYNIKOWY INWESTYCJI \u2013 etap WKP &nbsp; &nbsp; &nbsp; &nbsp; &nbsp; &nbsp;<\/p>\n","protected":false},"author":1,"featured_media":0,"parent":0,"menu_order":0,"comment_status":"closed","ping_status":"closed","template":"","meta":{"ngg_post_thumbnail":0},"_links":{"self":[{"href":"http:\/\/dk79rudawa-mloszowa.pl\/index.php?rest_route=\/wp\/v2\/pages\/162"}],"collection":[{"href":"http:\/\/dk79rudawa-mloszowa.pl\/index.php?rest_route=\/wp\/v2\/pages"}],"about":[{"href":"http:\/\/dk79rudawa-mloszowa.pl\/index.php?rest_route=\/wp\/v2\/types\/page"}],"author":[{"embeddable":true,"href":"http:\/\/dk79rudawa-mloszowa.pl\/index.php?rest_route=\/wp\/v2\/users\/1"}],"replies":[{"embeddable":true,"href":"http:\/\/dk79rudawa-mloszowa.pl\/index.php?rest_route=%2Fwp%2Fv2%2Fcomments&post=162"}],"version-history":[{"count":91,"href":"http:\/\/dk79rudawa-mloszowa.pl\/index.php?rest_route=\/wp\/v2\/pages\/162\/revisions"}],"predecessor-version":[{"id":871,"href":"http:\/\/dk79rudawa-mloszowa.pl\/index.php?rest_route=\/wp\/v2\/pages\/162\/revisions\/871"}],"wp:attachment":[{"href":"http:\/\/dk79rudawa-mloszowa.pl\/index.php?rest_route=%2Fwp%2Fv2%2Fmedia&parent=162"}],"curies":[{"name":"wp","href":"https:\/\/api.w.org\/{rel}","templated":true}]}}